{"id":906,"date":"2023-05-22T12:28:06","date_gmt":"2023-05-22T09:28:06","guid":{"rendered":"https:\/\/alfamedya.com\/anka1\/?page_id=906"},"modified":"2023-06-20T10:52:37","modified_gmt":"2023-06-20T07:52:37","slug":"hakkimizda","status":"publish","type":"page","link":"https:\/\/ankabina.com\/index.php\/hakkimizda\/","title":{"rendered":"Hakk\u0131m\u0131zda"},"content":{"rendered":"\t\t<div data-elementor-type=\"wp-post\" data-elementor-id=\"906\" class=\"elementor elementor-906\">\n\t\t\t\t\t\t\t\t\t<section class=\"elementor-section elementor-top-section elementor-element elementor-element-7efe5c10 elementor-section-full_width elementor-section-height-default elementor-section-height-default\" data-id=\"7efe5c10\" data-element_type=\"section\">\n\t\t\t\t\t\t<div class=\"elementor-container elementor-column-gap-default\">\n\t\t\t\t\t<div class=\"elementor-column elementor-col-100 elementor-top-column elementor-element elementor-element-2269debb\" data-id=\"2269debb\" data-element_type=\"column\">\n\t\t\t<div class=\"elementor-widget-wrap elementor-element-populated\">\n\t\t\t\t\t\t\t\t<div class=\"elementor-element elementor-element-720670e elementor-widget elementor-widget-image\" data-id=\"720670e\" data-element_type=\"widget\" data-widget_type=\"image.default\">\n\t\t\t\t<div class=\"elementor-widget-container\">\n\t\t\t<style>\/*! elementor - v3.13.2 - 11-05-2023 *\/\n.elementor-widget-image{text-align:center}.elementor-widget-image a{display:inline-block}.elementor-widget-image a img[src$=\".svg\"]{width:48px}.elementor-widget-image img{vertical-align:middle;display:inline-block}<\/style>\t\t\t\t\t\t\t\t\t\t\t\t<img loading=\"lazy\" decoding=\"async\" width=\"1920\" height=\"318\" src=\"https:\/\/ankabina.com\/wp-content\/uploads\/2023\/05\/ust.png\" class=\"attachment-full size-full wp-image-1294\" alt=\"\" srcset=\"https:\/\/ankabina.com\/wp-content\/uploads\/2023\/05\/ust.png 1920w, https:\/\/ankabina.com\/wp-content\/uploads\/2023\/05\/ust-300x50.png 300w, https:\/\/ankabina.com\/wp-content\/uploads\/2023\/05\/ust-1024x170.png 1024w, https:\/\/ankabina.com\/wp-content\/uploads\/2023\/05\/ust-768x127.png 768w, https:\/\/ankabina.com\/wp-content\/uploads\/2023\/05\/ust-1536x254.png 1536w, https:\/\/ankabina.com\/wp-content\/uploads\/2023\/05\/ust-1000x166.png 1000w\" sizes=\"auto, (max-width: 1920px) 100vw, 1920px\" \/>\t\t\t\t\t\t\t\t\t\t\t\t\t\t\t<\/div>\n\t\t\t\t<\/div>\n\t\t\t\t\t<\/div>\n\t\t<\/div>\n\t\t\t\t\t\t\t<\/div>\n\t\t<\/section>\n\t\t\t\t<section class=\"elementor-section elementor-top-section elementor-element elementor-element-a81470a elementor-section-full_width elementor-section-height-default elementor-section-height-default\" data-id=\"a81470a\" data-element_type=\"section\">\n\t\t\t\t\t\t<div class=\"elementor-container elementor-column-gap-default\">\n\t\t\t\t\t<div class=\"elementor-column elementor-col-100 elementor-top-column elementor-element elementor-element-f0c9d2f\" data-id=\"f0c9d2f\" data-element_type=\"column\">\n\t\t\t<div class=\"elementor-widget-wrap elementor-element-populated\">\n\t\t\t\t\t\t\t\t<div class=\"elementor-element elementor-element-185b2a7 elementor-widget elementor-widget-spacer\" data-id=\"185b2a7\" data-element_type=\"widget\" data-widget_type=\"spacer.default\">\n\t\t\t\t<div class=\"elementor-widget-container\">\n\t\t\t<style>\/*! elementor - v3.13.2 - 11-05-2023 *\/\n.elementor-column .elementor-spacer-inner{height:var(--spacer-size)}.e-con{--container-widget-width:100%}.e-con-inner>.elementor-widget-spacer,.e-con>.elementor-widget-spacer{width:var(--container-widget-width,var(--spacer-size));--align-self:var(--container-widget-align-self,initial);--flex-shrink:0}.e-con-inner>.elementor-widget-spacer>.elementor-widget-container,.e-con-inner>.elementor-widget-spacer>.elementor-widget-container>.elementor-spacer,.e-con>.elementor-widget-spacer>.elementor-widget-container,.e-con>.elementor-widget-spacer>.elementor-widget-container>.elementor-spacer{height:100%}.e-con-inner>.elementor-widget-spacer>.elementor-widget-container>.elementor-spacer>.elementor-spacer-inner,.e-con>.elementor-widget-spacer>.elementor-widget-container>.elementor-spacer>.elementor-spacer-inner{height:var(--container-widget-height,var(--spacer-size))}<\/style>\t\t<div class=\"elementor-spacer\">\n\t\t\t<div class=\"elementor-spacer-inner\"><\/div>\n\t\t<\/div>\n\t\t\t\t<\/div>\n\t\t\t\t<\/div>\n\t\t\t\t\t<\/div>\n\t\t<\/div>\n\t\t\t\t\t\t\t<\/div>\n\t\t<\/section>\n\t\t\t\t<section class=\"elementor-section elementor-top-section elementor-element elementor-element-f2caecc elementor-section-full_width elementor-section-height-default elementor-section-height-default\" data-id=\"f2caecc\" data-element_type=\"section\">\n\t\t\t\t\t\t<div class=\"elementor-container elementor-column-gap-default\">\n\t\t\t\t\t<div class=\"elementor-column elementor-col-100 elementor-top-column elementor-element elementor-element-04b6dff\" data-id=\"04b6dff\" data-element_type=\"column\">\n\t\t\t<div class=\"elementor-widget-wrap elementor-element-populated\">\n\t\t\t\t\t\t\t\t<section class=\"elementor-section elementor-inner-section elementor-element elementor-element-1214c4e elementor-section-boxed elementor-section-height-default elementor-section-height-default\" data-id=\"1214c4e\" data-element_type=\"section\">\n\t\t\t\t\t\t<div class=\"elementor-container elementor-column-gap-default\">\n\t\t\t\t\t<div class=\"elementor-column elementor-col-50 elementor-inner-column elementor-element elementor-element-828513e\" data-id=\"828513e\" data-element_type=\"column\">\n\t\t\t<div class=\"elementor-widget-wrap elementor-element-populated\">\n\t\t\t\t\t\t\t\t<div class=\"elementor-element elementor-element-e6d073c elementor-widget elementor-widget-spacer\" data-id=\"e6d073c\" data-element_type=\"widget\" data-widget_type=\"spacer.default\">\n\t\t\t\t<div class=\"elementor-widget-container\">\n\t\t\t\t\t<div class=\"elementor-spacer\">\n\t\t\t<div class=\"elementor-spacer-inner\"><\/div>\n\t\t<\/div>\n\t\t\t\t<\/div>\n\t\t\t\t<\/div>\n\t\t\t\t<div class=\"elementor-element elementor-element-cfb75cc elementor-widget elementor-widget-frel-main-title\" data-id=\"cfb75cc\" data-element_type=\"widget\" data-widget_type=\"frel-main-title.default\">\n\t\t\t\t<div class=\"elementor-widget-container\">\n\t\t\t<div class=\"cons_w_wrapper\"><div class=\"fn_cs_main_title\"><div class=\"container\"><div class=\"title_holder\"><h3>Bizi <span>Tan\u0131y\u0131n<\/span><\/h3><\/div><\/div><\/div><\/div>\t\t<\/div>\n\t\t\t\t<\/div>\n\t\t\t\t<div class=\"elementor-element elementor-element-3c61d84 elementor-widget elementor-widget-text-editor\" data-id=\"3c61d84\" data-element_type=\"widget\" data-widget_type=\"text-editor.default\">\n\t\t\t\t<div class=\"elementor-widget-container\">\n\t\t\t<style>\/*! elementor - v3.13.2 - 11-05-2023 *\/\n.elementor-widget-text-editor.elementor-drop-cap-view-stacked .elementor-drop-cap{background-color:#69727d;color:#fff}.elementor-widget-text-editor.elementor-drop-cap-view-framed .elementor-drop-cap{color:#69727d;border:3px solid;background-color:transparent}.elementor-widget-text-editor:not(.elementor-drop-cap-view-default) .elementor-drop-cap{margin-top:8px}.elementor-widget-text-editor:not(.elementor-drop-cap-view-default) .elementor-drop-cap-letter{width:1em;height:1em}.elementor-widget-text-editor .elementor-drop-cap{float:left;text-align:center;line-height:1;font-size:50px}.elementor-widget-text-editor .elementor-drop-cap-letter{display:inline-block}<\/style>\t\t\t\t<div>ANKA, yarat\u0131c\u0131 mimari tasar\u0131mlar\u0131, y\u00fcksek teknoloji uygulamalar\u0131 ve in\u015faat kalitesi ile \u00f6ne \u00e7\u0131kan genel m\u00fcteahhitlik, gayrimenkul geli\u015ftirme, proje y\u00f6netim konusunda uzmanla\u015fm\u0131\u015f yap\u0131 firmas\u0131d\u0131r. \u0130n\u015faat uygulamalar\u0131n\u0131 ve in\u015faat proje y\u00f6netimini b\u00fct\u00fcnc\u00fcl olarak ele almas\u0131 ve bu b\u00fct\u00fcnl\u00fc\u011f\u00fc ger\u00e7ekle\u015ftirmesi ba\u015far\u0131s\u0131n\u0131n temelidir.<\/div><div>\u00a0<\/div><div>ANKA \u0130N\u015eAAT, in\u015faat projelerinin ger\u00e7ekle\u015ftirilmesine uygun arsa bulma a\u015famas\u0131ndan bulunan arsaya ait resmi formalitelerin ve tapu i\u015flemlerinin y\u00fcr\u00fct\u00fclmesi a\u015famalar\u0131na, arsan\u0131n en iyi kullan\u0131m \u015fekli i\u00e7in yapt\u0131\u011f\u0131 ara\u015ft\u0131rmalar sonucu se\u00e7ilen proje i\u00e7in konsept, taslak proje ve master plan alternatiflerinin haz\u0131rlanmas\u0131na, projenin statik, mekanik, mimari ve uygulama \u00e7izimlerinin haz\u0131rlanmas\u0131na ve projenin anahtar teslim in\u015fa ve tefri\u015fi a\u015famalar\u0131na de\u011fin en uygun \u00e7\u00f6z\u00fcmleri \u00fcretir.<\/div><div>\u00a0<\/div><div>Ger\u00e7ekle\u015ftirilen projenin y\u00f6netimi, i\u015fletim ve enerji verimlili\u011finin optimizasyonu ve in\u015faat\u0131 devam eden ve biten projeler ile mevcut tesislerin risk analizlerinin yap\u0131larak en uygun sigortalama \u015fartlar\u0131n\u0131n belirlenmesine de\u011fin i\u015f kalemlerini \u00fcstlenir ve ger\u00e7ekle\u015ftirir.<\/div>\t\t\t\t\t\t<\/div>\n\t\t\t\t<\/div>\n\t\t\t\t\t<\/div>\n\t\t<\/div>\n\t\t\t\t<div class=\"elementor-column elementor-col-50 elementor-inner-column elementor-element elementor-element-0e676f6\" data-id=\"0e676f6\" data-element_type=\"column\">\n\t\t\t<div class=\"elementor-widget-wrap elementor-element-populated\">\n\t\t\t\t\t\t\t\t<div class=\"elementor-element elementor-element-ecbbbef elementor-widget elementor-widget-image\" data-id=\"ecbbbef\" data-element_type=\"widget\" data-widget_type=\"image.default\">\n\t\t\t\t<div class=\"elementor-widget-container\">\n\t\t\t\t\t\t\t\t\t\t\t\t\t\t\t<img loading=\"lazy\" decoding=\"async\" width=\"680\" height=\"617\" src=\"https:\/\/ankabina.com\/wp-content\/uploads\/2023\/06\/home-single-image1-x1-5-1.jpg\" class=\"attachment-large size-large wp-image-1994\" alt=\"\" srcset=\"https:\/\/ankabina.com\/wp-content\/uploads\/2023\/06\/home-single-image1-x1-5-1.jpg 680w, https:\/\/ankabina.com\/wp-content\/uploads\/2023\/06\/home-single-image1-x1-5-1-300x272.jpg 300w\" sizes=\"auto, (max-width: 680px) 100vw, 680px\" \/>\t\t\t\t\t\t\t\t\t\t\t\t\t\t\t<\/div>\n\t\t\t\t<\/div>\n\t\t\t\t\t<\/div>\n\t\t<\/div>\n\t\t\t\t\t\t\t<\/div>\n\t\t<\/section>\n\t\t\t\t\t<\/div>\n\t\t<\/div>\n\t\t\t\t\t\t\t<\/div>\n\t\t<\/section>\n\t\t\t\t<section class=\"elementor-section elementor-top-section elementor-element elementor-element-3d1661f elementor-section-boxed elementor-section-height-default elementor-section-height-default\" data-id=\"3d1661f\" data-element_type=\"section\">\n\t\t\t\t\t\t<div class=\"elementor-container elementor-column-gap-default\">\n\t\t\t\t\t<div class=\"elementor-column elementor-col-50 elementor-top-column elementor-element elementor-element-561a627\" data-id=\"561a627\" data-element_type=\"column\">\n\t\t\t<div class=\"elementor-widget-wrap elementor-element-populated\">\n\t\t\t\t\t\t\t\t<div class=\"elementor-element elementor-element-3dd11d4 elementor-widget elementor-widget-frel-main-title\" data-id=\"3dd11d4\" data-element_type=\"widget\" data-widget_type=\"frel-main-title.default\">\n\t\t\t\t<div class=\"elementor-widget-container\">\n\t\t\t<div class=\"cons_w_wrapper\"><div class=\"fn_cs_main_title\"><div class=\"container\"><div class=\"title_holder\"><h3>Vizyonumuz <span><\/span><\/h3><\/div><\/div><\/div><\/div>\t\t<\/div>\n\t\t\t\t<\/div>\n\t\t\t\t<div class=\"elementor-element elementor-element-d8c2b96 elementor-widget elementor-widget-text-editor\" data-id=\"d8c2b96\" data-element_type=\"widget\" data-widget_type=\"text-editor.default\">\n\t\t\t\t<div class=\"elementor-widget-container\">\n\t\t\t\t\t\t\t<p>M\u00fc\u015fterilerimizin beklentilerini istikrarl\u0131 kalite anlay\u0131\u015f\u0131 ile kar\u015f\u0131layarak de\u011fer yaratmay\u0131 esas alan kurumsal yap\u0131m\u0131z m\u00fc\u015fteri odakl\u0131 \u00e7al\u0131\u015fma stratejimiz ve rekabet\u00e7i b\u00fcy\u00fcme potansiyelimiz ile \u201cen iyi\u201d \u015fekilde de\u011ferleri y\u00f6netme<\/p>\t\t\t\t\t\t<\/div>\n\t\t\t\t<\/div>\n\t\t\t\t\t<\/div>\n\t\t<\/div>\n\t\t\t\t<div class=\"elementor-column elementor-col-50 elementor-top-column elementor-element elementor-element-b9064ea\" data-id=\"b9064ea\" data-element_type=\"column\">\n\t\t\t<div class=\"elementor-widget-wrap elementor-element-populated\">\n\t\t\t\t\t\t\t\t<div class=\"elementor-element elementor-element-1146780 elementor-widget elementor-widget-frel-main-title\" data-id=\"1146780\" data-element_type=\"widget\" data-widget_type=\"frel-main-title.default\">\n\t\t\t\t<div class=\"elementor-widget-container\">\n\t\t\t<div class=\"cons_w_wrapper\"><div class=\"fn_cs_main_title\"><div class=\"container\"><div class=\"title_holder\"><h3>Misyonumuz <span><\/span><\/h3><\/div><\/div><\/div><\/div>\t\t<\/div>\n\t\t\t\t<\/div>\n\t\t\t\t<div class=\"elementor-element elementor-element-af5f82a elementor-widget elementor-widget-text-editor\" data-id=\"af5f82a\" data-element_type=\"widget\" data-widget_type=\"text-editor.default\">\n\t\t\t\t<div class=\"elementor-widget-container\">\n\t\t\t\t\t\t\t<p>\u0130n\u015faas\u0131na katk\u0131da bulundu\u011fumuz her \u015fehrin ki\u015fili\u011fini tamamlayan yap\u0131lar kurmak. Ya\u015fam alanlar\u0131n\u0131 sanata d\u00f6n\u00fc\u015ft\u00fcrmek. Gelece\u011fin b\u00fcy\u00fcklerine, i\u00e7inde keyifle ya\u015fayacaklar\u0131 \u015fehirler b\u0131rakmak<\/p>\t\t\t\t\t\t<\/div>\n\t\t\t\t<\/div>\n\t\t\t\t\t<\/div>\n\t\t<\/div>\n\t\t\t\t\t\t\t<\/div>\n\t\t<\/section>\n\t\t\t\t<section class=\"elementor-section elementor-top-section elementor-element elementor-element-7279394 elementor-section-boxed elementor-section-height-default elementor-section-height-default\" data-id=\"7279394\" data-element_type=\"section\">\n\t\t\t\t\t\t<div class=\"elementor-container elementor-column-gap-default\">\n\t\t\t\t\t<div class=\"elementor-column elementor-col-100 elementor-top-column elementor-element elementor-element-e69bb47\" data-id=\"e69bb47\" data-element_type=\"column\">\n\t\t\t<div class=\"elementor-widget-wrap elementor-element-populated\">\n\t\t\t\t\t\t\t\t<div class=\"elementor-element elementor-element-3759490 elementor-widget elementor-widget-spacer\" data-id=\"3759490\" data-element_type=\"widget\" data-widget_type=\"spacer.default\">\n\t\t\t\t<div class=\"elementor-widget-container\">\n\t\t\t\t\t<div class=\"elementor-spacer\">\n\t\t\t<div class=\"elementor-spacer-inner\"><\/div>\n\t\t<\/div>\n\t\t\t\t<\/div>\n\t\t\t\t<\/div>\n\t\t\t\t\t<\/div>\n\t\t<\/div>\n\t\t\t\t\t\t\t<\/div>\n\t\t<\/section>\n\t\t\t\t\t\t\t<\/div>\n\t\t","protected":false},"excerpt":{"rendered":"<p>Bizi Tan\u0131y\u0131n ANKA, yarat\u0131c\u0131 mimari tasar\u0131mlar\u0131, y\u00fcksek teknoloji uygulamalar\u0131 ve in\u015faat kalitesi ile \u00f6ne \u00e7\u0131kan genel m\u00fcteahhitlik, gayrimenkul geli\u015ftirme, proje y\u00f6netim konusunda uzmanla\u015fm\u0131\u015f yap\u0131 firmas\u0131d\u0131r. \u0130n\u015faat uygulamalar\u0131n\u0131 ve in\u015faat proje y\u00f6netimini b\u00fct\u00fcnc\u00fcl olarak ele almas\u0131 ve bu b\u00fct\u00fcnl\u00fc\u011f\u00fc ger\u00e7ekle\u015ftirmesi ba\u015far\u0131s\u0131n\u0131n temelidir.\u00a0ANKA \u0130N\u015eAAT, in\u015faat projelerinin ger\u00e7ekle\u015ftirilmesine uygun arsa bulma a\u015famas\u0131ndan bulunan arsaya ait resmi formalitelerin ve [&hellip;]<\/p>\n","protected":false},"author":1,"featured_media":0,"parent":0,"menu_order":0,"comment_status":"closed","ping_status":"closed","template":"page-fullwidth.php","meta":{"footnotes":""},"class_list":["post-906","page","type-page","status-publish","hentry"],"_links":{"self":[{"href":"https:\/\/ankabina.com\/index.php\/wp-json\/wp\/v2\/pages\/906","targetHints":{"allow":["GET"]}}],"collection":[{"href":"https:\/\/ankabina.com\/index.php\/wp-json\/wp\/v2\/pages"}],"about":[{"href":"https:\/\/ankabina.com\/index.php\/wp-json\/wp\/v2\/types\/page"}],"author":[{"embeddable":true,"href":"https:\/\/ankabina.com\/index.php\/wp-json\/wp\/v2\/users\/1"}],"replies":[{"embeddable":true,"href":"https:\/\/ankabina.com\/index.php\/wp-json\/wp\/v2\/comments?post=906"}],"version-history":[{"count":25,"href":"https:\/\/ankabina.com\/index.php\/wp-json\/wp\/v2\/pages\/906\/revisions"}],"predecessor-version":[{"id":1997,"href":"https:\/\/ankabina.com\/index.php\/wp-json\/wp\/v2\/pages\/906\/revisions\/1997"}],"wp:attachment":[{"href":"https:\/\/ankabina.com\/index.php\/wp-json\/wp\/v2\/media?parent=906"}],"curies":[{"name":"wp","href":"https:\/\/api.w.org\/{rel}","templated":true}]}}