{"id":779,"date":"2023-05-22T11:27:12","date_gmt":"2023-05-22T08:27:12","guid":{"rendered":"https:\/\/alfamedya.com\/anka1\/?page_id=779"},"modified":"2023-05-23T11:53:03","modified_gmt":"2023-05-23T08:53:03","slug":"iletisim","status":"publish","type":"page","link":"https:\/\/ankabina.com\/index.php\/iletisim\/","title":{"rendered":"\u0130leti\u015fim"},"content":{"rendered":"\t\t<div data-elementor-type=\"wp-post\" data-elementor-id=\"779\" class=\"elementor elementor-779\">\n\t\t\t\t\t\t\t\t\t<section class=\"elementor-section elementor-top-section elementor-element elementor-element-7efe5c10 elementor-section-full_width elementor-section-height-default elementor-section-height-default\" data-id=\"7efe5c10\" data-element_type=\"section\">\n\t\t\t\t\t\t<div class=\"elementor-container elementor-column-gap-default\">\n\t\t\t\t\t<div class=\"elementor-column elementor-col-100 elementor-top-column elementor-element elementor-element-2269debb\" data-id=\"2269debb\" data-element_type=\"column\">\n\t\t\t<div class=\"elementor-widget-wrap elementor-element-populated\">\n\t\t\t\t\t\t\t\t<div class=\"elementor-element elementor-element-720670e elementor-widget elementor-widget-image\" data-id=\"720670e\" data-element_type=\"widget\" data-widget_type=\"image.default\">\n\t\t\t\t<div class=\"elementor-widget-container\">\n\t\t\t<style>\/*! elementor - v3.13.2 - 11-05-2023 *\/\n.elementor-widget-image{text-align:center}.elementor-widget-image a{display:inline-block}.elementor-widget-image a img[src$=\".svg\"]{width:48px}.elementor-widget-image img{vertical-align:middle;display:inline-block}<\/style>\t\t\t\t\t\t\t\t\t\t\t\t<img loading=\"lazy\" decoding=\"async\" width=\"1920\" height=\"318\" src=\"https:\/\/ankabina.com\/wp-content\/uploads\/2023\/05\/ust.png\" class=\"attachment-full size-full wp-image-1294\" alt=\"\" srcset=\"https:\/\/ankabina.com\/wp-content\/uploads\/2023\/05\/ust.png 1920w, https:\/\/ankabina.com\/wp-content\/uploads\/2023\/05\/ust-300x50.png 300w, https:\/\/ankabina.com\/wp-content\/uploads\/2023\/05\/ust-1024x170.png 1024w, https:\/\/ankabina.com\/wp-content\/uploads\/2023\/05\/ust-768x127.png 768w, https:\/\/ankabina.com\/wp-content\/uploads\/2023\/05\/ust-1536x254.png 1536w, https:\/\/ankabina.com\/wp-content\/uploads\/2023\/05\/ust-1000x166.png 1000w\" sizes=\"auto, (max-width: 1920px) 100vw, 1920px\" \/>\t\t\t\t\t\t\t\t\t\t\t\t\t\t\t<\/div>\n\t\t\t\t<\/div>\n\t\t\t\t\t<\/div>\n\t\t<\/div>\n\t\t\t\t\t\t\t<\/div>\n\t\t<\/section>\n\t\t\t\t<section class=\"elementor-section elementor-top-section elementor-element elementor-element-a81470a elementor-section-full_width elementor-section-height-default elementor-section-height-default\" data-id=\"a81470a\" data-element_type=\"section\">\n\t\t\t\t\t\t<div class=\"elementor-container elementor-column-gap-default\">\n\t\t\t\t\t<div class=\"elementor-column elementor-col-100 elementor-top-column elementor-element elementor-element-f0c9d2f\" data-id=\"f0c9d2f\" data-element_type=\"column\">\n\t\t\t<div class=\"elementor-widget-wrap elementor-element-populated\">\n\t\t\t\t\t\t\t\t<div class=\"elementor-element elementor-element-185b2a7 elementor-widget elementor-widget-spacer\" data-id=\"185b2a7\" data-element_type=\"widget\" data-widget_type=\"spacer.default\">\n\t\t\t\t<div class=\"elementor-widget-container\">\n\t\t\t<style>\/*! elementor - v3.13.2 - 11-05-2023 *\/\n.elementor-column .elementor-spacer-inner{height:var(--spacer-size)}.e-con{--container-widget-width:100%}.e-con-inner>.elementor-widget-spacer,.e-con>.elementor-widget-spacer{width:var(--container-widget-width,var(--spacer-size));--align-self:var(--container-widget-align-self,initial);--flex-shrink:0}.e-con-inner>.elementor-widget-spacer>.elementor-widget-container,.e-con-inner>.elementor-widget-spacer>.elementor-widget-container>.elementor-spacer,.e-con>.elementor-widget-spacer>.elementor-widget-container,.e-con>.elementor-widget-spacer>.elementor-widget-container>.elementor-spacer{height:100%}.e-con-inner>.elementor-widget-spacer>.elementor-widget-container>.elementor-spacer>.elementor-spacer-inner,.e-con>.elementor-widget-spacer>.elementor-widget-container>.elementor-spacer>.elementor-spacer-inner{height:var(--container-widget-height,var(--spacer-size))}<\/style>\t\t<div class=\"elementor-spacer\">\n\t\t\t<div class=\"elementor-spacer-inner\"><\/div>\n\t\t<\/div>\n\t\t\t\t<\/div>\n\t\t\t\t<\/div>\n\t\t\t\t\t<\/div>\n\t\t<\/div>\n\t\t\t\t\t\t\t<\/div>\n\t\t<\/section>\n\t\t\t\t<section class=\"elementor-section elementor-top-section elementor-element elementor-element-f2caecc elementor-section-full_width elementor-section-height-default elementor-section-height-default\" data-id=\"f2caecc\" data-element_type=\"section\">\n\t\t\t\t\t\t<div class=\"elementor-container elementor-column-gap-default\">\n\t\t\t\t\t<div class=\"elementor-column elementor-col-100 elementor-top-column elementor-element elementor-element-04b6dff\" data-id=\"04b6dff\" data-element_type=\"column\">\n\t\t\t<div class=\"elementor-widget-wrap elementor-element-populated\">\n\t\t\t\t\t\t\t\t<section class=\"elementor-section elementor-inner-section elementor-element elementor-element-1214c4e elementor-section-boxed elementor-section-height-default elementor-section-height-default\" data-id=\"1214c4e\" data-element_type=\"section\">\n\t\t\t\t\t\t<div class=\"elementor-container elementor-column-gap-default\">\n\t\t\t\t\t<div class=\"elementor-column elementor-col-50 elementor-inner-column elementor-element elementor-element-828513e\" data-id=\"828513e\" data-element_type=\"column\">\n\t\t\t<div class=\"elementor-widget-wrap elementor-element-populated\">\n\t\t\t\t\t\t\t\t<div class=\"elementor-element elementor-element-dc19ec8 elementor-widget elementor-widget-google_maps\" data-id=\"dc19ec8\" data-element_type=\"widget\" data-widget_type=\"google_maps.default\">\n\t\t\t\t<div class=\"elementor-widget-container\">\n\t\t\t<style>\/*! elementor - v3.13.2 - 11-05-2023 *\/\n.elementor-widget-google_maps .elementor-widget-container{overflow:hidden}.elementor-widget-google_maps .elementor-custom-embed{line-height:0}.elementor-widget-google_maps iframe{height:300px}<\/style>\t\t<div class=\"elementor-custom-embed\">\n\t\t\t<iframe loading=\"lazy\"\n\t\t\t\t\tsrc=\"https:\/\/maps.google.com\/maps?q=turkuaz%20i%C5%9F%20merkezi%20kayseri&#038;t=m&#038;z=16&#038;output=embed&#038;iwloc=near\"\n\t\t\t\t\ttitle=\"turkuaz i\u015f merkezi kayseri\"\n\t\t\t\t\taria-label=\"turkuaz i\u015f merkezi kayseri\"\n\t\t\t><\/iframe>\n\t\t<\/div>\n\t\t\t\t<\/div>\n\t\t\t\t<\/div>\n\t\t\t\t\t<\/div>\n\t\t<\/div>\n\t\t\t\t<div class=\"elementor-column elementor-col-50 elementor-inner-column elementor-element elementor-element-0e676f6\" data-id=\"0e676f6\" data-element_type=\"column\">\n\t\t\t<div class=\"elementor-widget-wrap elementor-element-populated\">\n\t\t\t\t\t\t\t\t<div class=\"elementor-element elementor-element-ae70989 elementor-widget elementor-widget-frel-location-list\" data-id=\"ae70989\" data-element_type=\"widget\" data-widget_type=\"frel-location-list.default\">\n\t\t\t\t<div class=\"elementor-widget-container\">\n\t\t\t<div class=\"cons_w_wrapper\"><div class=\"fn_cs_location_list\"><ul class=\"list \"><li><div class=\"item\"><div class=\"title_holder \"><span class=\"icon_wrapper\"><span class=\"icon\"><img decoding=\"async\" class=\"glax_w_fn_svg\" src=\"https:\/\/ankabina.com\/wp-content\/plugins\/glax-core\/shortcode\/assets\/svg\/location.svg\" alt=\"\" \/><\/span><span class=\"shape\"><\/span><\/span><h3>Merkez Ofis<\/h3><\/div><div class=\"content_holder\"><p><span>Hunat Mah. Yenisu Sok. D\u00fcnya \u0130\u015f Merkezi B Blok Kat 10 No: 3\/37 Melikgazi \/ KAYSER<\/span><span>Tel: 0532 174 09 38<\/span><span>Email: <a href=\"mailto:info@ankabina.com\">info@ankabina.com<\/a><\/span><\/p><\/div><\/div><\/li><li><div class=\"item\"><div class=\"title_holder \"><span class=\"icon_wrapper\"><span class=\"icon\"><img decoding=\"async\" class=\"glax_w_fn_svg\" src=\"https:\/\/ankabina.com\/wp-content\/plugins\/glax-core\/shortcode\/assets\/svg\/location.svg\" alt=\"\" \/><\/span><span class=\"shape\"><\/span><\/span><h3>Sat\u0131\u015f Ofisi<\/h3><\/div><div class=\"content_holder\"><p><span>G\u00f6kkent Mah. Nal\u00e7\u0131k Bulvar\u0131  Stilanka <\/span><span>Tel: 0532 174 09 38<\/span><span>Email: <a href=\"mailto:info@ankabina.com\">info@ankabina.com<\/a><\/span><\/p><\/div><\/div><\/li><\/ul><\/div><\/div>\t\t<\/div>\n\t\t\t\t<\/div>\n\t\t\t\t\t<\/div>\n\t\t<\/div>\n\t\t\t\t\t\t\t<\/div>\n\t\t<\/section>\n\t\t\t\t\t<\/div>\n\t\t<\/div>\n\t\t\t\t\t\t\t<\/div>\n\t\t<\/section>\n\t\t\t\t\t\t\t<\/div>\n\t\t","protected":false},"excerpt":{"rendered":"<p>Merkez Ofis Hunat Mah. Yenisu Sok. D\u00fcnya \u0130\u015f Merkezi B Blok Kat 10 No: 3\/37 Melikgazi \/ KAYSERTel: 0532 174 09 38Email: info@ankabina.com Sat\u0131\u015f Ofisi G\u00f6kkent Mah. Nal\u00e7\u0131k Bulvar\u0131 Stilanka Tel: 0532 174 09 38Email: info@ankabina.com<\/p>\n","protected":false},"author":1,"featured_media":0,"parent":0,"menu_order":0,"comment_status":"closed","ping_status":"closed","template":"page-fullwidth.php","meta":{"footnotes":""},"class_list":["post-779","page","type-page","status-publish","hentry"],"_links":{"self":[{"href":"https:\/\/ankabina.com\/index.php\/wp-json\/wp\/v2\/pages\/779","targetHints":{"allow":["GET"]}}],"collection":[{"href":"https:\/\/ankabina.com\/index.php\/wp-json\/wp\/v2\/pages"}],"about":[{"href":"https:\/\/ankabina.com\/index.php\/wp-json\/wp\/v2\/types\/page"}],"author":[{"embeddable":true,"href":"https:\/\/ankabina.com\/index.php\/wp-json\/wp\/v2\/users\/1"}],"replies":[{"embeddable":true,"href":"https:\/\/ankabina.com\/index.php\/wp-json\/wp\/v2\/comments?post=779"}],"version-history":[{"count":125,"href":"https:\/\/ankabina.com\/index.php\/wp-json\/wp\/v2\/pages\/779\/revisions"}],"predecessor-version":[{"id":1300,"href":"https:\/\/ankabina.com\/index.php\/wp-json\/wp\/v2\/pages\/779\/revisions\/1300"}],"wp:attachment":[{"href":"https:\/\/ankabina.com\/index.php\/wp-json\/wp\/v2\/media?parent=779"}],"curies":[{"name":"wp","href":"https:\/\/api.w.org\/{rel}","templated":true}]}}